{"id":9,"date":"2023-03-28T17:03:35","date_gmt":"2023-03-28T17:03:35","guid":{"rendered":"http:\/\/world365-iptvpremium.store\/?page_id=9"},"modified":"2023-10-02T21:58:45","modified_gmt":"2023-10-02T21:58:45","slug":"refund_returns","status":"publish","type":"page","link":"https:\/\/www.vision-planet.com\/fr\/refund_returns\/","title":{"rendered":"Refund and Returns Policy"},"content":{"rendered":"\t\t<div data-elementor-type=\"wp-page\" data-elementor-id=\"9\" class=\"elementor elementor-9\" data-elementor-post-type=\"page\">\n\t\t\t\t\t\t<section class=\"elementor-section elementor-top-section elementor-element elementor-element-260c0126 elementor-section-boxed elementor-section-height-default elementor-section-height-default\" data-id=\"260c0126\" data-element_type=\"section\" data-e-type=\"section\">\n\t\t\t\t\t\t<div class=\"elementor-container elementor-column-gap-default\">\n\t\t\t\t\t<div class=\"elementor-column elementor-col-100 elementor-top-column elementor-element elementor-element-53b19d6f\" data-id=\"53b19d6f\" data-element_type=\"column\" data-e-type=\"column\">\n\t\t\t<div class=\"elementor-widget-wrap elementor-element-populated\">\n\t\t\t\t\t\t<div class=\"elementor-element elementor-element-401de1a elementor-widget elementor-widget-text-editor\" data-id=\"401de1a\" data-element_type=\"widget\" data-e-type=\"widget\" data-widget_type=\"text-editor.default\">\n\t\t\t\t<div class=\"elementor-widget-container\">\n\t\t\t\t\t\t\t\t\t\n<div class=\"wp-block-group is-layout-constrained wp-block-group-is-layout-constrained\"><div class=\"wp-block-group__inner-container\">\n<div class=\"wp-block-group is-layout-constrained wp-block-group-is-layout-constrained\"><div class=\"wp-block-group__inner-container\">\n<div class=\"wp-block-columns is-layout-flex wp-container-core-columns-is-layout-28f84493 wp-block-columns-is-layout-flex\">\n<div class=\"wp-block-column is-layout-flow wp-block-column-is-layout-flow\" style=\"flex-basis: 100%;\">\n<div class=\"inherit-container-width wp-block-group is-layout-constrained wp-block-group-is-layout-constrained\"><div class=\"wp-block-group__inner-container\">\n<div class=\"wp-block-group is-layout-constrained wp-block-group-is-layout-constrained\"><div class=\"wp-block-group__inner-container\">\n<div class=\"wp-block-columns is-layout-flex wp-container-core-columns-is-layout-28f84493 wp-block-columns-is-layout-flex\">\n<div class=\"wp-block-column is-layout-flow wp-block-column-is-layout-flow\" style=\"flex-basis: 100%;\">\n<div class=\"wp-block-group is-layout-constrained wp-block-group-is-layout-constrained\"><div class=\"wp-block-group__inner-container\">\n<div class=\"elementor-container elementor-column-gap-default\">\n<div class=\"elementor-column elementor-col-100 elementor-top-column elementor-element elementor-element-6941df0\" data-id=\"6941df0\" data-element_type=\"column\">\n<div class=\"elementor-widget-wrap elementor-element-populated\">\n<div class=\"elementor-element elementor-element-f7432ba elementor-widget elementor-widget-text-editor\" data-id=\"f7432ba\" data-element_type=\"widget\" data-widget_type=\"text-editor.default\">\n<div class=\"elementor-widget-container\"><style>\/*! elementor - v3.11.5 - 14-03-2023 *\/\n.elementor-widget-text-editor.elementor-drop-cap-view-stacked .elementor-drop-cap{background-color:#818a91;color:#fff}.elementor-widget-text-editor.elementor-drop-cap-view-framed .elementor-drop-cap{color:#818a91;border:3px solid;background-color:transparent}.elementor-widget-text-editor:not(.elementor-drop-cap-view-default) .elementor-drop-cap{margin-top:8px}.elementor-widget-text-editor:not(.elementor-drop-cap-view-default) .elementor-drop-cap-letter{width:1em;height:1em}.elementor-widget-text-editor .elementor-drop-cap{float:left;text-align:center;line-height:1;font-size:50px}.elementor-widget-text-editor .elementor-drop-cap-letter{display:inline-block}<\/style>\n<h2>Annuler \u00e0 tout moment!<\/h2>\n<p>Si, pour une raison quelconque, vous estimez que notre service n&rsquo;a pas r\u00e9pondu \u00e0 vos attentes ou si vous pensez que d&rsquo;une mani\u00e8re ou d&rsquo;une autre, notre service n&rsquo;a pas r\u00e9pondu \u00e0 vos normes d&rsquo;excellence. Demandez une annulation et payez uniquement pour la p\u00e9riode que vous avez consomm\u00e9e.<\/p>\n<p>Les utilisateurs peuvent annuler et demander un remboursement pour le reste de leurs abonnements en quelques \u00e9tapes seulement dans le tableau de bord de leur compte. Veuillez consulter le tableau ci-dessous pour savoir comment les calculs de remboursement sont effectu\u00e9s.<\/p>\n<h2>Comment fonctionnent les calculs de remboursement?<\/h2>\n<p>*Cette politique ne s&rsquo;applique pas aux forfaits revendeurs. Les forfaits revendeur ne sont pas remboursables.<\/p>\n<figure class=\"wp-block-table\">\n<table width=\"100%\">\n<tbody>\n<td>\n<p>P\u00c9RIODE D&rsquo;ABONNEMENT<\/p>\n<td>\n<p>1 MOIS<\/p>\n<td>\n<p>3 MOIS<\/p>\n<td>\n<p>6 MOIS<\/p>\n<td>\n<p>12 MOIS<\/p>\n<tr>\n<td>\n<p>D\u00c9LAI DE DEMANDE DE REMBOURSEMENT = MONTANT DU REMBOURSEMENT<\/p>\n<td>\n<p>DE 1-21 JOURS = 5\u20ac<\/p>\n<td>\n<p>DE 1-15 JOURS = 15\u20ac<\/p>\n<td>\n<p>DE 1-15 JOURS = 25\u20ac<\/p>\n<td>\n<p>DE 1-15 JOURS = 40\u20ac<\/p>\n<tr>\n<td>\n<p>D\u00c9LAI DE DEMANDE DE REMBOURSEMENT = MONTANT DU REMBOURSEMENT<\/p>\n<td>\n<p>DE 22-30 JOURS = 0\u20ac<\/p>\n<td>\n<p>DE 16-45 JOURS = 10\u20ac<\/p>\n<td>\n<p>DE 16-45 JOURS = 20\u20ac<\/p>\n<td>\n<p>DE 16-45 JOURS = 35\u20ac<\/p>\n<tr>\n<td>\n<p>D\u00c9LAI DE DEMANDE DE REMBOURSEMENT = MONTANT DU REMBOURSEMENT<\/p>\n<td>\n<td>\n<p>DE 46-60 JOURS = 5\u20ac<\/p>\n<td>\n<p>DE 46-60 JOURS = 15\u20ac<\/p>\n<td>\n<p>DE 46-75 JOURS = 25\u20ac<\/p>\n<tr>\n<td>\n<p>D\u00c9LAI DE DEMANDE DE REMBOURSEMENT = MONTANT DU REMBOURSEMENT<\/p>\n<td>\u00a0\n<td>\u00a0\n<td>\n<p>DE 61-90 JOURS = 10\u20ac<\/p>\n<td>\n<p>DE 76-90 JOURS = 15\u20ac<\/p>\n<tr>\n<td>\n<p>D\u00c9LAI DE DEMANDE DE REMBOURSEMENT = MONTANT DU REMBOURSEMENT<\/p>\n<td>\u00a0\n<td>\u00a0\n<td>\n<p>DE 91-120 JOURS = 5\u20ac<\/p>\n<td>\n<p>DE 91 -120 JOURS = 5\u20ac<\/p>\n<tr>\n<td>\n<p>D\u00c9LAI DE DEMANDE DE REMBOURSEMENT = MONTANT DU REMBOURSEMENT<\/p>\n<td>\u00a0\n<td>\n<td>\u00a0\n<td>\n<p>DE 121-180 JOURS = 0\u20ac<\/p>\n<\/tr>\n<\/tbody>\n<\/table>\n<span style=\"font-size: 16px; font-style: normal;\"> Nous nous effor\u00e7ons \u00e9galement de garantir que nos clients ne restent pas bloqu\u00e9s ou n&rsquo;abandonnent pas le processus. Si vous rencontrez des probl\u00e8mes, s&rsquo;il vous pla\u00eet <\/span><a style=\"font-size: 16px; font-style: normal; background-color: #ffffff;\" href=\"https:\/\/wa.me\/33605823158\">Ouvrir un ticket <\/a><span style=\"font-size: 16px; font-style: normal;\">.Nous sommes un fournisseur de services complets et vous aidons pour tout, de la commande \u00e0 l&rsquo;installation.<\/span>\n<h2>Demander un remboursement<\/h2>\n<div class=\"inner-term-domain-page\">\n<div class=\"container inner_term_container\">Vous pouvez demander votre remboursement, en nous envoyant un message sur notre support contact en bas de notre page web, ou directement sur WhatsApp.<\/div>\n<\/div>\n<footer id=\"mainfooterhostx\" class=\"footer\">\n<div class=\"container\">\n<div class=\"row\">\n<div class=\"col-sm-3\">\n<div class=\"footer_col\">\u00a0<\/div>\n<\/div>\n<\/div>\n<\/div>\n<\/footer><\/figure>\n<\/div>\n<\/div>\n<\/div>\n<\/div>\n<\/div>\n<\/div><\/div>\n<\/div>\n<\/div>\n<\/div><\/div>\n<\/div><\/div>\n<\/div>\n<\/div>\n<\/div><\/div>\n<\/div><\/div>\n\t\t\t\t\t\t\t\t<\/div>\n\t\t\t\t<\/div>\n\t\t\t\t\t<\/div>\n\t\t<\/div>\n\t\t\t\t\t<\/div>\n\t\t<\/section>\n\t\t\t\t<\/div>\n\t\t","protected":false},"excerpt":{"rendered":"<p>Annuler \u00e0 tout moment! Si, pour une raison quelconque, vous estimez que notre service n&rsquo;a pas r\u00e9pondu \u00e0 vos attentes ou si vous pensez que d&rsquo;une mani\u00e8re ou d&rsquo;une autre, notre service n&rsquo;a pas r\u00e9pondu \u00e0 vos normes d&rsquo;excellence. Demandez une annulation et payez uniquement pour la p\u00e9riode que vous avez consomm\u00e9e. Les utilisateurs peuvent [&hellip;]<\/p>\n","protected":false},"author":1,"featured_media":0,"parent":0,"menu_order":0,"comment_status":"closed","ping_status":"closed","template":"","meta":{"site-sidebar-layout":"default","site-content-layout":"","ast-site-content-layout":"default","site-content-style":"default","site-sidebar-style":"default","ast-global-header-display":"","ast-banner-title-visibility":"","ast-main-header-display":"","ast-hfb-above-header-display":"","ast-hfb-below-header-display":"","ast-hfb-mobile-header-display":"","site-post-title":"","ast-breadcrumbs-content":"","ast-featured-img":"","footer-sml-layout":"","ast-disable-related-posts":"","theme-transparent-header-meta":"","adv-header-id-meta":"","stick-header-meta":"","header-above-stick-meta":"","header-main-stick-meta":"","header-below-stick-meta":"","astra-migrate-meta-layouts":"set","ast-page-background-enabled":"default","ast-page-background-meta":{"desktop":{"background-color":"","background-image":"","background-repeat":"repeat","background-position":"center center","background-size":"auto","background-attachment":"scroll","background-type":"","background-media":"","overlay-type":"","overlay-color":"","overlay-opacity":"","overlay-gradient":""},"tablet":{"background-color":"","background-image":"","background-repeat":"repeat","background-position":"center center","background-size":"auto","background-attachment":"scroll","background-type":"","background-media":"","overlay-type":"","overlay-color":"","overlay-opacity":"","overlay-gradient":""},"mobile":{"background-color":"","background-image":"","background-repeat":"repeat","background-position":"center center","background-size":"auto","background-attachment":"scroll","background-type":"","background-media":"","overlay-type":"","overlay-color":"","overlay-opacity":"","overlay-gradient":""}},"ast-content-background-meta":{"desktop":{"background-color":"var(--ast-global-color-5)","background-image":"","background-repeat":"repeat","background-position":"center center","background-size":"auto","background-attachment":"scroll","background-type":"","background-media":"","overlay-type":"","overlay-color":"","overlay-opacity":"","overlay-gradient":""},"tablet":{"background-color":"var(--ast-global-color-5)","background-image":"","background-repeat":"repeat","background-position":"center center","background-size":"auto","background-attachment":"scroll","background-type":"","background-media":"","overlay-type":"","overlay-color":"","overlay-opacity":"","overlay-gradient":""},"mobile":{"background-color":"var(--ast-global-color-5)","background-image":"","background-repeat":"repeat","background-position":"center center","background-size":"auto","background-attachment":"scroll","background-type":"","background-media":"","overlay-type":"","overlay-color":"","overlay-opacity":"","overlay-gradient":""}},"footnotes":""},"class_list":["post-9","page","type-page","status-publish","hentry"],"_links":{"self":[{"href":"https:\/\/www.vision-planet.com\/fr\/wp-json\/wp\/v2\/pages\/9","targetHints":{"allow":["GET"]}}],"collection":[{"href":"https:\/\/www.vision-planet.com\/fr\/wp-json\/wp\/v2\/pages"}],"about":[{"href":"https:\/\/www.vision-planet.com\/fr\/wp-json\/wp\/v2\/types\/page"}],"author":[{"embeddable":true,"href":"https:\/\/www.vision-planet.com\/fr\/wp-json\/wp\/v2\/users\/1"}],"replies":[{"embeddable":true,"href":"https:\/\/www.vision-planet.com\/fr\/wp-json\/wp\/v2\/comments?post=9"}],"version-history":[{"count":0,"href":"https:\/\/www.vision-planet.com\/fr\/wp-json\/wp\/v2\/pages\/9\/revisions"}],"wp:attachment":[{"href":"https:\/\/www.vision-planet.com\/fr\/wp-json\/wp\/v2\/media?parent=9"}],"curies":[{"name":"wp","href":"https:\/\/api.w.org\/{rel}","templated":true}]}}