{"id":3724,"date":"2025-02-14T20:06:55","date_gmt":"2025-02-14T20:06:55","guid":{"rendered":"https:\/\/www.vision-planet.com\/?page_id=3724"},"modified":"2025-03-23T18:02:04","modified_gmt":"2025-03-23T18:02:04","slug":"box-tv-x96mini","status":"publish","type":"page","link":"https:\/\/www.vision-planet.com\/fr\/box-tv-x96mini\/","title":{"rendered":"Box Tv x96mini"},"content":{"rendered":"\t\t<div data-elementor-type=\"wp-page\" data-elementor-id=\"3724\" class=\"elementor elementor-3724\" data-elementor-post-type=\"page\">\n\t\t\t\t\t\t<section class=\"elementor-section elementor-top-section elementor-element elementor-element-33f2a21 elementor-section-boxed elementor-section-height-default elementor-section-height-default\" data-id=\"33f2a21\" data-element_type=\"section\" data-e-type=\"section\">\n\t\t\t\t\t\t<div class=\"elementor-container elementor-column-gap-default\">\n\t\t\t\t\t<div class=\"elementor-column elementor-col-50 elementor-top-column elementor-element elementor-element-531df29\" data-id=\"531df29\" data-element_type=\"column\" data-e-type=\"column\">\n\t\t\t<div class=\"elementor-widget-wrap elementor-element-populated\">\n\t\t\t\t\t\t<div class=\"elementor-element elementor-element-76195e2 elementor-arrows-position-inside elementor-pagination-position-outside elementor-widget elementor-widget-image-carousel\" data-id=\"76195e2\" data-element_type=\"widget\" data-e-type=\"widget\" data-settings=\"{&quot;slides_to_show&quot;:&quot;1&quot;,&quot;autoplay_speed&quot;:700,&quot;navigation&quot;:&quot;both&quot;,&quot;autoplay&quot;:&quot;yes&quot;,&quot;pause_on_hover&quot;:&quot;yes&quot;,&quot;pause_on_interaction&quot;:&quot;yes&quot;,&quot;infinite&quot;:&quot;yes&quot;,&quot;effect&quot;:&quot;slide&quot;,&quot;speed&quot;:500}\" data-widget_type=\"image-carousel.default\">\n\t\t\t\t<div class=\"elementor-widget-container\">\n\t\t\t\t\t\t\t<div class=\"elementor-image-carousel-wrapper swiper\" role=\"region\" aria-roledescription=\"carousel\" aria-label=\"Carrousel d\u2019images\" dir=\"ltr\">\n\t\t\t<div class=\"elementor-image-carousel swiper-wrapper\" aria-live=\"off\">\n\t\t\t\t\t\t\t\t<div class=\"swiper-slide\" role=\"group\" aria-roledescription=\"slide\" aria-label=\"1 sur 4\"><figure class=\"swiper-slide-inner\"><img decoding=\"async\" class=\"swiper-slide-image\" src=\"https:\/\/www.vision-planet.com\/wp-content\/uploads\/2024\/06\/IMG-20240602-WA0009-removebg-preview.png\" alt=\"IMG-20240602-WA0009-removebg-preview\" \/><\/figure><\/div><div class=\"swiper-slide\" role=\"group\" aria-roledescription=\"slide\" aria-label=\"2 sur 4\"><figure class=\"swiper-slide-inner\"><img decoding=\"async\" class=\"swiper-slide-image\" src=\"https:\/\/www.vision-planet.com\/wp-content\/uploads\/2025\/02\/x96m.avif\" alt=\"x96m\" \/><\/figure><\/div><div class=\"swiper-slide\" role=\"group\" aria-roledescription=\"slide\" aria-label=\"3 sur 4\"><figure class=\"swiper-slide-inner\"><img decoding=\"async\" class=\"swiper-slide-image\" src=\"https:\/\/www.vision-planet.com\/wp-content\/uploads\/2025\/02\/x969m1.avif\" alt=\"x969m1\" \/><\/figure><\/div><div class=\"swiper-slide\" role=\"group\" aria-roledescription=\"slide\" aria-label=\"4 sur 4\"><figure class=\"swiper-slide-inner\"><img decoding=\"async\" class=\"swiper-slide-image\" src=\"https:\/\/www.vision-planet.com\/wp-content\/uploads\/2025\/02\/x96mini7.avif\" alt=\"x96mini7\" \/><\/figure><\/div>\t\t\t<\/div>\n\t\t\t\t\t\t\t\t\t\t\t\t<div class=\"elementor-swiper-button elementor-swiper-button-prev\" role=\"button\" tabindex=\"0\">\n\t\t\t\t\t\t<i aria-hidden=\"true\" class=\"fas fa-arrow-alt-circle-left\"><\/i>\t\t\t\t\t<\/div>\n\t\t\t\t\t<div class=\"elementor-swiper-button elementor-swiper-button-next\" role=\"button\" tabindex=\"0\">\n\t\t\t\t\t\t<i aria-hidden=\"true\" class=\"fas fa-arrow-alt-circle-right\"><\/i>\t\t\t\t\t<\/div>\n\t\t\t\t\n\t\t\t\t\t\t\t\t\t<div class=\"swiper-pagination\"><\/div>\n\t\t\t\t\t\t\t\t\t<\/div>\n\t\t\t\t\t\t<\/div>\n\t\t\t\t<\/div>\n\t\t\t\t<div class=\"elementor-element elementor-element-086d679 elementor-widget elementor-widget-elementskit-pricing\" data-id=\"086d679\" data-element_type=\"widget\" data-e-type=\"widget\" data-widget_type=\"elementskit-pricing.default\">\n\t\t\t\t<div class=\"elementor-widget-container\">\n\t\t\t\t\t<div class=\"ekit-wid-con\" >\n\n        <div class=\"elementskit-single-pricing \" >\n            <div class=\"elementskit-pricing-header \">\n\t\t\t\t\t\t\t\t\n\t\t\t\t\t\t\t\t            <\/div>\n\t\t\t            <div class=\" elementskit-pricing-price-wraper has-tag \">\n                <div class=\"elementskit-pricing-tag\"><\/div>\n                <span class=\"elementskit-pricing-price\">\n\t\t\t\t\t\t\t\t\t\t<span>34.99<\/span>\n\t\t\t\t\t\t\t\t\t\t\t<sup class=\"currency\">\u20ac<\/sup>\n\t\t\t\t\t\n\t\t\t\t\t\t\t\t\t<\/span>\n            <\/div>\n\t\t\t            <div class=\"elementskit-pricing-content \">\n\n                                    <p> Livraison gratuit (2-3 jours ouvr\u00e9e)<\/p>\n                                            <\/div>\n            <div class=\"elementskit-pricing-btn-wraper \">\n\t\t\t\t<a href=\"https:\/\/bit.ly\/3QQPTOI\" class=\"elementskit-pricing-btn  ekit-pricing-btn-icon-pos-\" >\n\t\t\t\t\tAcheter Maintenant\t\t\t\t<\/a>\n            <\/div>\n        <\/div>\n\n    <\/div>\t\t\t\t<\/div>\n\t\t\t\t<\/div>\n\t\t\t\t\t<\/div>\n\t\t<\/div>\n\t\t\t\t<div class=\"elementor-column elementor-col-50 elementor-top-column elementor-element elementor-element-f366426\" data-id=\"f366426\" data-element_type=\"column\" data-e-type=\"column\">\n\t\t\t<div class=\"elementor-widget-wrap elementor-element-populated\">\n\t\t\t\t\t\t<div class=\"elementor-element elementor-element-d5ed88b elementor-widget elementor-widget-heading\" data-id=\"d5ed88b\" data-element_type=\"widget\" data-e-type=\"widget\" data-widget_type=\"heading.default\">\n\t\t\t\t<div class=\"elementor-widget-container\">\n\t\t\t\t\t<h1 class=\"elementor-heading-title elementor-size-default\">X96mini Smart Android 11.0 TV Box S905W Quad Core H.265 2GB\/16GB WiFi 2.4G\/5.8G<\/h1>\t\t\t\t<\/div>\n\t\t\t\t<\/div>\n\t\t\t\t<div class=\"elementor-element elementor-element-719e0a1 elementor-widget elementor-widget-text-editor\" data-id=\"719e0a1\" data-element_type=\"widget\" data-e-type=\"widget\" data-widget_type=\"text-editor.default\">\n\t\t\t\t<div class=\"elementor-widget-container\">\n\t\t\t\t\t\t\t\t\t<p>X96 Mini 5G Smart TV Box Android 11.0 Amlogic<br \/>\nS905W2 2.4G\/5G WIFI Bluetooth X96mini 4K lecteur multim\u00e9dia VP9 H.265 d\u00e9codeur 2G + 16GB<br \/>\nJeu de puces: Amlogic S905W2<br \/>\nArchitecture: Cortex A53 de bras de noyau de quadruple<br \/>\nJeu de puces: Mali-G31 MP2<br \/>\nArchitecture:OpenGL ES 1.1\/2.0\/3.2,0penCL 2.0, support<br \/>\nVulkan 1.1<br \/>\nCapacit\u00e9: 16 Go (8\/16 Go en option)<br \/>\nP\u00e9riph\u00e9riques de stockage USB: pris en charge<br \/>\nCarte Micro SD: prise en charge<br \/>\nVersion du syst\u00e8me d&rsquo;exploitation: Android 11.0<br \/>\nLangue: Multi-langue<br \/>\nVid\u00e9o: Amlogic Video Engine(AVE) avec d\u00e9codeurs et encodeurs mat\u00e9riels d\u00e9di\u00e9s<br \/>\n* Prend en charge plusieurs sessions de d\u00e9codage vid\u00e9o<br \/>\n\u00ab\u00a0s\u00e9curis\u00e9es\u00a0\u00bb et le d\u00e9codage et l&rsquo;encodage simultan\u00e9s<br \/>\n* D\u00e9codage vid\u00e9o\/image<br \/>\nProfil VP9-2 jusqu \u00e0 4K x 2K @ 30fps<br \/>\nMP-10@L5.1 HEVC H.265 jusqu&rsquo;\u00e0 4Kx 2K@ 30fps<br \/>\nH.264 AVC HP@L5.1 jusqu&rsquo;\u00e0 4K x 2K @ 30fps<br \/>\nH.264 MVC jusqu \u00e0 1080P @ 60fps<br \/>\n-MPEG-4 ASP @ L5 jusqu&rsquo;\u00e0 1080P @ 60fps(ISO-14496)<br \/>\n-WMV\/VC-1 SP\/MP\/AP jusqu&rsquo;\u00e0 1080P @ 60fps<br \/>\n-Profil JiZhun AVS-P16(AVS +) jusqu jusqu&rsquo;\u00e0 1080P<br \/>\n@ 60fps<br \/>\n-MPEG2 MP\/HL jusqu&rsquo;\u00e0 1080P @ 60fps<br \/>\n-MPEG1 MP\/HL jusqu&rsquo;\u00e0 1080P @ 60fps<br \/>\n-RealVideo 8\/9\/10 jusqu&rsquo;\u00e0 1080P @ 60fps<br \/>\nAudio: prend en charge MP3, AAC, WMA, FLAC, ONN<br \/>\nImage:HDJPEG. BMP, GIF. PNG. TIF<br \/>\nType: Prise en charge WiFi lEEE 802.11 b \/ g \/n\/ac<br \/>\nModule:W1<br \/>\nFr\u00e9quence: Support 2.4G et 5.8G<br \/>\nType d&rsquo;antenne: Unique<\/p>\n<p>Contenu d&#8217;emballage:<br \/>\nManuel d&rsquo;utilisation *1<br \/>\nT\u00e9l\u00e9commande *1<br \/>\nC\u00e2ble externe HDM| *1<br \/>\n\n\t\t\t\t\t\t\t\t<\/div>\n\t\t\t\t<\/div>\n\t\t\t\t\t<\/div>\n\t\t<\/div>\n\t\t\t\t\t<\/div>\n\t\t<\/section>\n\t\t\t\t<\/div>\n\t\t","protected":false},"excerpt":{"rendered":"<p>34.99 \u20ac Livraison gratuit (2-3 jours ouvr\u00e9e) Acheter Maintenant X96mini Smart Android 11.0 TV Box S905W Quad Core H.265 2GB\/16GB WiFi 2.4G\/5.8G X96 Mini 5G Smart TV Box Android 11.0 Amlogic S905W2 2.4G\/5G WIFI Bluetooth X96mini 4K lecteur multim\u00e9dia VP9 H.265 d\u00e9codeur 2G + 16GB Jeu de puces: Amlogic S905W2 Architecture: Cortex A53 de bras [&hellip;]<\/p>\n","protected":false},"author":1,"featured_media":0,"parent":0,"menu_order":0,"comment_status":"closed","ping_status":"closed","template":"","meta":{"site-sidebar-layout":"no-sidebar","site-content-layout":"page-builder","ast-site-content-layout":"full-width-container","site-content-style":"default","site-sidebar-style":"default","ast-global-header-display":"","ast-banner-title-visibility":"","ast-main-header-display":"","ast-hfb-above-header-display":"","ast-hfb-below-header-display":"","ast-hfb-mobile-header-display":"","site-post-title":"disabled","ast-breadcrumbs-content":"","ast-featured-img":"disabled","footer-sml-layout":"","ast-disable-related-posts":"","theme-transparent-header-meta":"","adv-header-id-meta":"","stick-header-meta":"","header-above-stick-meta":"","header-main-stick-meta":"","header-below-stick-meta":"","astra-migrate-meta-layouts":"set","ast-page-background-enabled":"default","ast-page-background-meta":{"desktop":{"background-color":"","background-image":"","background-repeat":"repeat","background-position":"center center","background-size":"auto","background-attachment":"scroll","background-type":"","background-media":"","overlay-type":"","overlay-color":"","overlay-opacity":"","overlay-gradient":""},"tablet":{"background-color":"","background-image":"","background-repeat":"repeat","background-position":"center center","background-size":"auto","background-attachment":"scroll","background-type":"","background-media":"","overlay-type":"","overlay-color":"","overlay-opacity":"","overlay-gradient":""},"mobile":{"background-color":"","background-image":"","background-repeat":"repeat","background-position":"center center","background-size":"auto","background-attachment":"scroll","background-type":"","background-media":"","overlay-type":"","overlay-color":"","overlay-opacity":"","overlay-gradient":""}},"ast-content-background-meta":{"desktop":{"background-color":"var(--ast-global-color-5)","background-image":"","background-repeat":"repeat","background-position":"center center","background-size":"auto","background-attachment":"scroll","background-type":"","background-media":"","overlay-type":"","overlay-color":"","overlay-opacity":"","overlay-gradient":""},"tablet":{"background-color":"var(--ast-global-color-5)","background-image":"","background-repeat":"repeat","background-position":"center center","background-size":"auto","background-attachment":"scroll","background-type":"","background-media":"","overlay-type":"","overlay-color":"","overlay-opacity":"","overlay-gradient":""},"mobile":{"background-color":"var(--ast-global-color-5)","background-image":"","background-repeat":"repeat","background-position":"center center","background-size":"auto","background-attachment":"scroll","background-type":"","background-media":"","overlay-type":"","overlay-color":"","overlay-opacity":"","overlay-gradient":""}},"footnotes":""},"class_list":["post-3724","page","type-page","status-publish","hentry"],"_links":{"self":[{"href":"https:\/\/www.vision-planet.com\/fr\/wp-json\/wp\/v2\/pages\/3724","targetHints":{"allow":["GET"]}}],"collection":[{"href":"https:\/\/www.vision-planet.com\/fr\/wp-json\/wp\/v2\/pages"}],"about":[{"href":"https:\/\/www.vision-planet.com\/fr\/wp-json\/wp\/v2\/types\/page"}],"author":[{"embeddable":true,"href":"https:\/\/www.vision-planet.com\/fr\/wp-json\/wp\/v2\/users\/1"}],"replies":[{"embeddable":true,"href":"https:\/\/www.vision-planet.com\/fr\/wp-json\/wp\/v2\/comments?post=3724"}],"version-history":[{"count":30,"href":"https:\/\/www.vision-planet.com\/fr\/wp-json\/wp\/v2\/pages\/3724\/revisions"}],"predecessor-version":[{"id":3860,"href":"https:\/\/www.vision-planet.com\/fr\/wp-json\/wp\/v2\/pages\/3724\/revisions\/3860"}],"wp:attachment":[{"href":"https:\/\/www.vision-planet.com\/fr\/wp-json\/wp\/v2\/media?parent=3724"}],"curies":[{"name":"wp","href":"https:\/\/api.w.org\/{rel}","templated":true}]}}