{"id":34,"date":"2023-03-28T17:23:46","date_gmt":"2023-03-28T17:23:46","guid":{"rendered":"https:\/\/world365-iptvpremium.store\/?page_id=34"},"modified":"2023-11-29T11:59:35","modified_gmt":"2023-11-29T11:59:35","slug":"channels-lists","status":"publish","type":"page","link":"https:\/\/www.vision-planet.com\/fr\/channels-lists\/","title":{"rendered":"channels lists"},"content":{"rendered":"\t\t<div data-elementor-type=\"wp-page\" data-elementor-id=\"34\" class=\"elementor elementor-34\" data-elementor-post-type=\"page\">\n\t\t\t\t\t\t<section class=\"elementor-section elementor-top-section elementor-element elementor-element-3000b6c4 elementor-section-boxed elementor-section-height-default elementor-section-height-default\" data-id=\"3000b6c4\" data-element_type=\"section\" data-e-type=\"section\">\n\t\t\t\t\t\t<div class=\"elementor-container elementor-column-gap-default\">\n\t\t\t\t\t<div class=\"elementor-column elementor-col-100 elementor-top-column elementor-element elementor-element-4ad04169\" data-id=\"4ad04169\" data-element_type=\"column\" data-e-type=\"column\">\n\t\t\t<div class=\"elementor-widget-wrap elementor-element-populated\">\n\t\t\t\t\t\t<div class=\"elementor-element elementor-element-463be2c2 elementor-widget elementor-widget-text-editor\" data-id=\"463be2c2\" data-element_type=\"widget\" data-e-type=\"widget\" data-widget_type=\"text-editor.default\">\n\t\t\t\t<div class=\"elementor-widget-container\">\n\t\t\t\t\t\t\t\t\t\n<p>\u00a0<\/p>\n\n<section class=\"elementor-section elementor-top-section elementor-element elementor-element-29e4708 elementor-section-boxed elementor-section-height-default elementor-section-height-default\" data-id=\"29e4708\" data-element_type=\"section\">\n<div class=\"elementor-container elementor-column-gap-default\">\n<div class=\"elementor-column elementor-col-100 elementor-top-column elementor-element elementor-element-287a84d\" data-id=\"287a84d\" data-element_type=\"column\">\n<div class=\"elementor-widget-wrap elementor-element-populated\">\n<div class=\"elementor-element elementor-element-9658fb2 elementor-widget elementor-widget-heading\" data-id=\"9658fb2\" data-element_type=\"widget\" data-widget_type=\"heading.default\">\n<div class=\"elementor-widget-container\" style=\"text-align: center;\"><br \/>\n<h1 class=\"elementor-heading-title elementor-size-default\">Nos forfaits incluent toutes les cha\u00eenes des bouquets suivants<\/h1>\n<\/div>\n<\/div>\n<div class=\"elementor-element elementor-element-2ab5072 elementor-widget elementor-widget-text-editor\" data-id=\"2ab5072\" data-element_type=\"widget\" data-widget_type=\"text-editor.default\">\n<div class=\"elementor-widget-container\" style=\"text-align: center;\"><br \/>\n<p>Vision-planet est le meilleur abonnement IPTV qui va au-del\u00e0 des cha\u00eenes de t\u00e9l\u00e9vision en direct. Plus de +54 000 cha\u00eenes TV, films et s\u00e9ries en ligne IPTV stable et de haute qualit\u00e9 sur votre smart iptv, flix iptv, iptv smarters, xtream iptv, m3u iptv, IPTV SMARTER PRO, Ibo IPTV, xtream applications<br \/>Le service que nous proposons vous permet de regarder beaucoup plus, pour beaucoup moins d&rsquo;argent. Les cha\u00eenes de chaque forfait sont d\u00e9taill\u00e9es ci-dessous.<\/p>\n<\/div>\n<\/div>\n<\/div>\n<\/div>\n<\/div>\n<\/section>\n\n<section class=\"elementor-section elementor-top-section elementor-element elementor-element-301b4ce elementor-section-boxed elementor-section-height-default elementor-section-height-default\" data-id=\"301b4ce\" data-element_type=\"section\">\n<div class=\"elementor-container elementor-column-gap-default\">\n<div class=\"elementor-column elementor-col-50 elementor-top-column elementor-element elementor-element-ce591e8\" data-id=\"ce591e8\" data-element_type=\"column\">\n<div class=\"elementor-widget-wrap elementor-element-populated\">\n<div class=\"elementor-element elementor-element-a010606 elementor-widget elementor-widget-toggle\" data-id=\"a010606\" data-element_type=\"widget\" data-widget_type=\"toggle.default\">\n<div class=\"elementor-widget-container\"><br \/>\n<div class=\"elementor-toggle\" role=\"tablist\">\n<div class=\"elementor-toggle-item\">\u00a0<\/div>\n<\/div>\n<\/div>\n<\/div>\n<\/div>\n<\/div>\n<div class=\"elementor-column elementor-col-50 elementor-top-column elementor-element elementor-element-9622987\" data-id=\"9622987\" data-element_type=\"column\">\n<div class=\"elementor-widget-wrap elementor-element-populated\">\n<div class=\"elementor-element elementor-element-0967836 elementor-widget elementor-widget-toggle\" data-id=\"0967836\" data-element_type=\"widget\" data-widget_type=\"toggle.default\">\n<div class=\"elementor-widget-container\">\n<div class=\"elementor-toggle\" role=\"tablist\">\u00a0<\/div>\n<\/div>\n<\/div>\n<\/div>\n<\/div>\n<\/div>\n<\/section>\n\t\t\t\t\t\t\t\t<\/div>\n\t\t\t\t<\/div>\n\t\t\t\t\t<\/div>\n\t\t<\/div>\n\t\t\t\t\t<\/div>\n\t\t<\/section>\n\t\t\t\t<\/div>\n\t\t","protected":false},"excerpt":{"rendered":"<p>\u00a0 Nos forfaits incluent toutes les cha\u00eenes des bouquets suivants Vision-planet est le meilleur abonnement IPTV qui va au-del\u00e0 des cha\u00eenes de t\u00e9l\u00e9vision en direct. Plus de +54 000 cha\u00eenes TV, films et s\u00e9ries en ligne IPTV stable et de haute qualit\u00e9 sur votre smart iptv, flix iptv, iptv smarters, xtream iptv, m3u iptv, IPTV [&hellip;]<\/p>\n","protected":false},"author":1,"featured_media":0,"parent":0,"menu_order":0,"comment_status":"closed","ping_status":"closed","template":"","meta":{"site-sidebar-layout":"default","site-content-layout":"","ast-site-content-layout":"default","site-content-style":"default","site-sidebar-style":"default","ast-global-header-display":"","ast-banner-title-visibility":"","ast-main-header-display":"","ast-hfb-above-header-display":"","ast-hfb-below-header-display":"","ast-hfb-mobile-header-display":"","site-post-title":"","ast-breadcrumbs-content":"","ast-featured-img":"","footer-sml-layout":"","ast-disable-related-posts":"","theme-transparent-header-meta":"","adv-header-id-meta":"","stick-header-meta":"","header-above-stick-meta":"","header-main-stick-meta":"","header-below-stick-meta":"","astra-migrate-meta-layouts":"set","ast-page-background-enabled":"default","ast-page-background-meta":{"desktop":{"background-color":"","background-image":"","background-repeat":"repeat","background-position":"center center","background-size":"auto","background-attachment":"scroll","background-type":"","background-media":"","overlay-type":"","overlay-color":"","overlay-opacity":"","overlay-gradient":""},"tablet":{"background-color":"","background-image":"","background-repeat":"repeat","background-position":"center center","background-size":"auto","background-attachment":"scroll","background-type":"","background-media":"","overlay-type":"","overlay-color":"","overlay-opacity":"","overlay-gradient":""},"mobile":{"background-color":"","background-image":"","background-repeat":"repeat","background-position":"center center","background-size":"auto","background-attachment":"scroll","background-type":"","background-media":"","overlay-type":"","overlay-color":"","overlay-opacity":"","overlay-gradient":""}},"ast-content-background-meta":{"desktop":{"background-color":"var(--ast-global-color-5)","background-image":"","background-repeat":"repeat","background-position":"center center","background-size":"auto","background-attachment":"scroll","background-type":"","background-media":"","overlay-type":"","overlay-color":"","overlay-opacity":"","overlay-gradient":""},"tablet":{"background-color":"var(--ast-global-color-5)","background-image":"","background-repeat":"repeat","background-position":"center center","background-size":"auto","background-attachment":"scroll","background-type":"","background-media":"","overlay-type":"","overlay-color":"","overlay-opacity":"","overlay-gradient":""},"mobile":{"background-color":"var(--ast-global-color-5)","background-image":"","background-repeat":"repeat","background-position":"center center","background-size":"auto","background-attachment":"scroll","background-type":"","background-media":"","overlay-type":"","overlay-color":"","overlay-opacity":"","overlay-gradient":""}},"footnotes":""},"class_list":["post-34","page","type-page","status-publish","hentry"],"_links":{"self":[{"href":"https:\/\/www.vision-planet.com\/fr\/wp-json\/wp\/v2\/pages\/34","targetHints":{"allow":["GET"]}}],"collection":[{"href":"https:\/\/www.vision-planet.com\/fr\/wp-json\/wp\/v2\/pages"}],"about":[{"href":"https:\/\/www.vision-planet.com\/fr\/wp-json\/wp\/v2\/types\/page"}],"author":[{"embeddable":true,"href":"https:\/\/www.vision-planet.com\/fr\/wp-json\/wp\/v2\/users\/1"}],"replies":[{"embeddable":true,"href":"https:\/\/www.vision-planet.com\/fr\/wp-json\/wp\/v2\/comments?post=34"}],"version-history":[{"count":22,"href":"https:\/\/www.vision-planet.com\/fr\/wp-json\/wp\/v2\/pages\/34\/revisions"}],"predecessor-version":[{"id":3664,"href":"https:\/\/www.vision-planet.com\/fr\/wp-json\/wp\/v2\/pages\/34\/revisions\/3664"}],"wp:attachment":[{"href":"https:\/\/www.vision-planet.com\/fr\/wp-json\/wp\/v2\/media?parent=34"}],"curies":[{"name":"wp","href":"https:\/\/api.w.org\/{rel}","templated":true}]}}