{"id":19,"date":"2023-03-28T17:06:47","date_gmt":"2023-03-28T17:06:47","guid":{"rendered":"https:\/\/world365-iptvpremium.store\/?page_id=19"},"modified":"2023-10-02T16:28:36","modified_gmt":"2023-10-02T16:28:36","slug":"reseller","status":"publish","type":"page","link":"https:\/\/www.vision-planet.com\/fr\/reseller\/","title":{"rendered":"reseller"},"content":{"rendered":"\t\t<div data-elementor-type=\"wp-page\" data-elementor-id=\"19\" class=\"elementor elementor-19\" data-elementor-post-type=\"page\">\n\t\t\t\t\t\t<section class=\"elementor-section elementor-top-section elementor-element elementor-element-3e7ce757 elementor-section-boxed elementor-section-height-default elementor-section-height-default\" data-id=\"3e7ce757\" data-element_type=\"section\" data-e-type=\"section\">\n\t\t\t\t\t\t<div class=\"elementor-container elementor-column-gap-default\">\n\t\t\t\t\t<div class=\"elementor-column elementor-col-100 elementor-top-column elementor-element elementor-element-3dad319c\" data-id=\"3dad319c\" data-element_type=\"column\" data-e-type=\"column\">\n\t\t\t<div class=\"elementor-widget-wrap elementor-element-populated\">\n\t\t\t\t\t\t<div class=\"elementor-element elementor-element-66953533 elementor-widget elementor-widget-text-editor\" data-id=\"66953533\" data-element_type=\"widget\" data-e-type=\"widget\" data-widget_type=\"text-editor.default\">\n\t\t\t\t<div class=\"elementor-widget-container\">\n\t\t\t\t\t\t\t\t\t\n<p><style>\n.elementor-179 .elementor-element.elementor-element-7c26252:not(.elementor-motion-effects-element-type-background) > .elementor-widget-wrap, .elementor-179 .elementor-element.elementor-element-7c26252 > .elementor-widget-wrap > .elementor-motion-effects-container > .elementor-motion-effects-layer {\n  background-color: transparent;\n  background-image: linear-gradient(360deg,#14345c 17%,#086ddd 48%);\n}\n.elementor-179 .elementor-element.elementor-element-7c26252 > .elementor-element-populated {\n  transition: background .3s,border .3s,border-radius .3s,box-shadow .3s;\n  margin: 0 20px;\n  --e-column-margin-right: 20px;\n  --e-column-margin-left: 20px;\n  padding: 0;\n}\n.elementor-179 .elementor-element.elementor-element-7c26252 > .elementor-element-populated, .elementor-179 .elementor-element.elementor-element-7c26252 > .elementor-element-populated > .elementor-background-overlay, .elementor-179 .elementor-element.elementor-element-7c26252 > .elementor-background-slideshow {\n  border-radius: 20px;\n}\n.elementor-column-gap-default > .elementor-column > .elementor-element-populated {\n  padding: 10px;\n}\n.elementor:not(.elementor-bc-flex-widget) .elementor-widget-wrap {\n  display: flex;\n}\n.elementor-widget-wrap {\n  position: relative;\n  width: 100%;\n  flex-wrap: wrap;\n  align-content: flex-start;\n}\n.elementor *, .elementor ::after, .elementor ::before {\n  box-sizing: border-box;\n}\n\n.elementor-widget-wrap.elementor-element-populated {\n  text-align: center;\n}\n\n<\/style><\/p>\n<section class=\"elementor-section elementor-top-section elementor-element elementor-element-135c5b9 elementor-section-content-middle elementor-section-boxed elementor-section-height-default elementor-section-height-default\" data-id=\"135c5b9\" data-element_type=\"section\">\n<div class=\"elementor-container elementor-column-gap-no\">\n<div class=\"elementor-column elementor-col-33 elementor-top-column elementor-element elementor-element-971beeb\" data-id=\"971beeb\" data-element_type=\"column\">\n<div class=\"elementor-widget-wrap elementor-element-populated\">\n<div class=\"elementor-element elementor-element-58a605b elementor-widget elementor-widget-image\" data-id=\"58a605b\" data-element_type=\"widget\" data-widget_type=\"image.default\">\n<div class=\"elementor-widget-container\"><style>\/*! elementor - v3.11.5 - 14-03-2023 *\/\n.elementor-widget-image{text-align:center}.elementor-widget-image a{display:inline-block}.elementor-widget-image a img[src$=\".svg\"]{width:48px}.elementor-widget-image img{vertical-align:middle;display:inline-block}<\/style> <img fetchpriority=\"high\" decoding=\"async\" class=\"attachment-full size-full wp-image-35\" src=\"https:\/\/www.besstiptv.com\/wp-content\/uploads\/2020\/10\/online-programming-course-featured-review-figure-img-1.png\" sizes=\"(max-width: 480px) 100vw, 480px\" srcset=\"https:\/\/www.besstiptv.com\/wp-content\/uploads\/2020\/10\/online-programming-course-featured-review-figure-img-1.png 480w, https:\/\/www.besstiptv.com\/wp-content\/uploads\/2020\/10\/online-programming-course-featured-review-figure-img-1-240x300.png 240w\" alt=\"Start your own business right now and enjoy it. IPTV Reseller Program Want To Run Your Own IPTV Business And Clients? Buy Credits In Bulk And Save With Any Dealer package Below.\" width=\"480\" height=\"600\" \/><\/div>\n<\/div>\n<\/div>\n<\/div>\n<div class=\"elementor-column elementor-col-66 elementor-top-column elementor-element elementor-element-31b5e1f\" data-id=\"31b5e1f\" data-element_type=\"column\">\n<div class=\"elementor-widget-wrap elementor-element-populated\">\n<div class=\"elementor-element elementor-element-c9ec434 elementor-widget elementor-widget-heading\" data-id=\"c9ec434\" data-element_type=\"widget\" data-widget_type=\"heading.default\">\n<div class=\"elementor-widget-container\">\n<h2 class=\"elementor-heading-title elementor-size-default\">Devenez revendeur IPTV<\/h2>\n<\/div>\n<\/div>\n<div class=\"elementor-element elementor-element-88ec63a elementor-widget elementor-widget-text-editor\" data-id=\"88ec63a\" data-element_type=\"widget\" data-widget_type=\"text-editor.default\">\n<div class=\"elementor-widget-container\">\n<p><span style=\"color: #000000;\">Vision-planet vous donne la possibilit\u00e9 d&rsquo;\u00eatre l&rsquo;un de nos revendeurs, pour plus d&rsquo;informations veuillez nous contacter via notre compte WhatsApp, d\u00e9marrez votre propre entreprise d\u00e8s maintenant et profitez-en.<\/span><br \/><span style=\"color: #000000;\">Vous pouvez entrer dans le monde des affaires IPTV en achetant un panel de revendeurs<\/span><\/p>\n<\/div>\n<\/div>\n<section class=\"elementor-section elementor-inner-section elementor-element elementor-element-862417c elementor-section-content-bottom elementor-section-boxed elementor-section-height-default elementor-section-height-default\" data-id=\"862417c\" data-element_type=\"section\">\n<div class=\"elementor-container elementor-column-gap-no\">\n<div class=\"elementor-column elementor-col-100 elementor-inner-column elementor-element elementor-element-954ec17\" data-id=\"954ec17\" data-element_type=\"column\">\n<div class=\"elementor-widget-wrap elementor-element-populated\">\n<div class=\"elementor-element elementor-element-c66e612 elementor-align-left elementor-mobile-align-center elementor-widget elementor-widget-button\" data-id=\"c66e612\" data-element_type=\"widget\" data-widget_type=\"button.default\">\n<div class=\"elementor-widget-container\">\n<div>\u00a0<\/div>\n<div>\u00a0<\/div>\n<div class=\"elementor-button-wrapper\" style=\"text-align: center;\"><a class=\"elementor-button-link elementor-button elementor-size-sm\" role=\"button\" href=\"https:\/\/wa.me\/33605823158\"><span class=\"elementor-button-content-wrapper\"><span class=\"elementor-button-text\">contact<\/span> <\/span> <\/a><\/div>\n<\/div>\n<\/div>\n<\/div>\n<\/div>\n<\/div>\n<\/section>\n<\/div>\n<\/div>\n<\/div>\n<\/section>\n\n<div class=\"hfe-before-footer-wrap\">\n<div class=\"footer-width-fixer\">\n<div class=\"elementor elementor-96\" data-elementor-type=\"wp-post\" data-elementor-id=\"96\">\n<section class=\"elementor-section elementor-top-section elementor-element elementor-element-735e7c4 elementor-section-boxed elementor-section-height-default elementor-section-height-default\" data-id=\"735e7c4\" data-element_type=\"section\" data-settings=\"{&quot;background_background&quot;:&quot;classic&quot;}\">\n<div class=\"elementor-background-overlay\">\u00a0<\/div>\n<div class=\"elementor-container elementor-column-gap-no\">\n<div class=\"elementor-column elementor-col-100 elementor-top-column elementor-element elementor-element-1983b2d\" data-id=\"1983b2d\" data-element_type=\"column\">\n<div class=\"elementor-widget-wrap elementor-element-populated\">\n<div class=\"elementor-element elementor-element-ae7959f elementor-widget elementor-widget-heading\" data-id=\"ae7959f\" data-element_type=\"widget\" data-widget_type=\"heading.default\">\n<div class=\"elementor-widget-container\">\n<h2 class=\"elementor-heading-title elementor-size-default\">\u00a0<\/h2>\n<\/div>\n<\/div>\n<\/div>\n<\/div>\n<\/div>\n<\/section>\n<\/div>\n<\/div>\n<\/div>\n\t\t\t\t\t\t\t\t<\/div>\n\t\t\t\t<\/div>\n\t\t\t\t\t<\/div>\n\t\t<\/div>\n\t\t\t\t\t<\/div>\n\t\t<\/section>\n\t\t\t\t<\/div>\n\t\t","protected":false},"excerpt":{"rendered":"<p>Devenez revendeur IPTV Vision-planet vous donne la possibilit\u00e9 d&rsquo;\u00eatre l&rsquo;un de nos revendeurs, pour plus d&rsquo;informations veuillez nous contacter via notre compte WhatsApp, d\u00e9marrez votre propre entreprise d\u00e8s maintenant et profitez-en.Vous pouvez entrer dans le monde des affaires IPTV en achetant un panel de revendeurs \u00a0 \u00a0 contact \u00a0 \u00a0<\/p>\n","protected":false},"author":1,"featured_media":0,"parent":0,"menu_order":0,"comment_status":"closed","ping_status":"closed","template":"","meta":{"site-sidebar-layout":"default","site-content-layout":"","ast-site-content-layout":"default","site-content-style":"default","site-sidebar-style":"default","ast-global-header-display":"","ast-banner-title-visibility":"","ast-main-header-display":"","ast-hfb-above-header-display":"","ast-hfb-below-header-display":"","ast-hfb-mobile-header-display":"","site-post-title":"","ast-breadcrumbs-content":"","ast-featured-img":"","footer-sml-layout":"","ast-disable-related-posts":"","theme-transparent-header-meta":"","adv-header-id-meta":"","stick-header-meta":"","header-above-stick-meta":"","header-main-stick-meta":"","header-below-stick-meta":"","astra-migrate-meta-layouts":"set","ast-page-background-enabled":"default","ast-page-background-meta":{"desktop":{"background-color":"","background-image":"","background-repeat":"repeat","background-position":"center center","background-size":"auto","background-attachment":"scroll","background-type":"","background-media":"","overlay-type":"","overlay-color":"","overlay-opacity":"","overlay-gradient":""},"tablet":{"background-color":"","background-image":"","background-repeat":"repeat","background-position":"center center","background-size":"auto","background-attachment":"scroll","background-type":"","background-media":"","overlay-type":"","overlay-color":"","overlay-opacity":"","overlay-gradient":""},"mobile":{"background-color":"","background-image":"","background-repeat":"repeat","background-position":"center center","background-size":"auto","background-attachment":"scroll","background-type":"","background-media":"","overlay-type":"","overlay-color":"","overlay-opacity":"","overlay-gradient":""}},"ast-content-background-meta":{"desktop":{"background-color":"var(--ast-global-color-5)","background-image":"","background-repeat":"repeat","background-position":"center center","background-size":"auto","background-attachment":"scroll","background-type":"","background-media":"","overlay-type":"","overlay-color":"","overlay-opacity":"","overlay-gradient":""},"tablet":{"background-color":"var(--ast-global-color-5)","background-image":"","background-repeat":"repeat","background-position":"center center","background-size":"auto","background-attachment":"scroll","background-type":"","background-media":"","overlay-type":"","overlay-color":"","overlay-opacity":"","overlay-gradient":""},"mobile":{"background-color":"var(--ast-global-color-5)","background-image":"","background-repeat":"repeat","background-position":"center center","background-size":"auto","background-attachment":"scroll","background-type":"","background-media":"","overlay-type":"","overlay-color":"","overlay-opacity":"","overlay-gradient":""}},"footnotes":""},"class_list":["post-19","page","type-page","status-publish","hentry"],"_links":{"self":[{"href":"https:\/\/www.vision-planet.com\/fr\/wp-json\/wp\/v2\/pages\/19","targetHints":{"allow":["GET"]}}],"collection":[{"href":"https:\/\/www.vision-planet.com\/fr\/wp-json\/wp\/v2\/pages"}],"about":[{"href":"https:\/\/www.vision-planet.com\/fr\/wp-json\/wp\/v2\/types\/page"}],"author":[{"embeddable":true,"href":"https:\/\/www.vision-planet.com\/fr\/wp-json\/wp\/v2\/users\/1"}],"replies":[{"embeddable":true,"href":"https:\/\/www.vision-planet.com\/fr\/wp-json\/wp\/v2\/comments?post=19"}],"version-history":[{"count":0,"href":"https:\/\/www.vision-planet.com\/fr\/wp-json\/wp\/v2\/pages\/19\/revisions"}],"wp:attachment":[{"href":"https:\/\/www.vision-planet.com\/fr\/wp-json\/wp\/v2\/media?parent=19"}],"curies":[{"name":"wp","href":"https:\/\/api.w.org\/{rel}","templated":true}]}}