{"id":15,"date":"2023-03-28T17:05:36","date_gmt":"2023-03-28T17:05:36","guid":{"rendered":"https:\/\/world365-iptvpremium.store\/?page_id=15"},"modified":"2023-10-02T16:10:37","modified_gmt":"2023-10-02T16:10:37","slug":"terms-of-use","status":"publish","type":"page","link":"https:\/\/www.vision-planet.com\/fr\/terms-of-use\/","title":{"rendered":"terms of use"},"content":{"rendered":"\n<div class=\"elementor-widget-container\">\n\t\t\t<style>\/*! elementor - v3.11.5 - 14-03-2023 *\/\n.elementor-widget-text-editor.elementor-drop-cap-view-stacked .elementor-drop-cap{background-color:#818a91;color:#fff}.elementor-widget-text-editor.elementor-drop-cap-view-framed .elementor-drop-cap{color:#818a91;border:3px solid;background-color:transparent}.elementor-widget-text-editor:not(.elementor-drop-cap-view-default) .elementor-drop-cap{margin-top:8px}.elementor-widget-text-editor:not(.elementor-drop-cap-view-default) .elementor-drop-cap-letter{width:1em;height:1em}.elementor-widget-text-editor .elementor-drop-cap{float:left;text-align:center;line-height:1;font-size:50px}.elementor-widget-text-editor .elementor-drop-cap-letter{display:inline-block}<\/style>\t\t\t\t<h1>Termes et conditions<\/h1>\n<p>Les pr\u00e9sentes conditions r\u00e9gissent votre acc\u00e8s et votre utilisation de tous les contenus, produits et services disponibles sur le site Web https:\/\/vision-planet.com (le \u00ab Service \u00bb) exploit\u00e9 par Vision-planet (\u00ab nous \u00bb, \u00ab notre \u00bb ou \u00ab\u00a0notre\u201d).<\/p>\n<p>Votre acc\u00e8s \u00e0 nos services est soumis \u00e0 votre acceptation, sans modification, de tous les termes et conditions contenus dans les pr\u00e9sentes et de toutes les autres r\u00e8gles et politiques de fonctionnement publi\u00e9es et qui peuvent \u00eatre publi\u00e9es de temps \u00e0 autre par nous.<\/p>\n<p>Veuillez lire attentivement l&rsquo;accord avant d&rsquo;acc\u00e9der ou d&rsquo;utiliser nos services. En acc\u00e9dant ou en utilisant une partie de nos services, vous acceptez d&rsquo;\u00eatre li\u00e9 par ces conditions. Si vous n&rsquo;acceptez aucune partie des termes de l&rsquo;accord, vous ne pouvez pas acc\u00e9der ou utiliser nos services.<\/p>\n<h2>Propri\u00e9t\u00e9 intellectuelle<\/h2>\n<p>L&rsquo;accord ne vous transf\u00e8re aucune de nos propri\u00e9t\u00e9s intellectuelles ou de celles de tiers, et tous les droits, titres et int\u00e9r\u00eats relatifs \u00e0 cette propri\u00e9t\u00e9 resteront (entre les parties) uniquement la propri\u00e9t\u00e9 de Vision-planet et de ses conc\u00e9dants de licence.<\/p>\n<h3>Services tiers<\/h3>\n<p>En utilisant les Services, vous pouvez utiliser des services, produits, logiciels, int\u00e9grations ou applications tiers d\u00e9velopp\u00e9s par un tiers (\u00ab Services tiers \u00bb).<\/p>\n<p>Si vous utilisez des services tiers, vous comprenez que:<\/p>\n<ul>\n<li>Toute utilisation d&rsquo;un service tiers se fait \u00e0 vos propres risques, et nous ne serons pas responsables envers quiconque des sites Web ou services tiers.<\/li>\n<li>Vous reconnaissez et acceptez que nous ne serons pas responsables de tout dommage ou perte caus\u00e9 ou pr\u00e9sum\u00e9 \u00eatre caus\u00e9 par ou en relation avec l&rsquo;utilisation de tels contenus, biens ou services disponibles sur ou via ces sites Web ou services.<\/li>\n<\/ul>\n<h2>Comptes<\/h2>\n<p>Lorsque l&rsquo;utilisation de toute partie de nos Services n\u00e9cessite un compte, vous acceptez de nous fournir des informations compl\u00e8tes et exactes lorsque vous cr\u00e9ez un compte.<\/p>\n<p>Vous serez seul responsable de toute activit\u00e9 effectu\u00e9e sur votre compte. Vous \u00eates responsable de la mise \u00e0 jour des informations de votre compte et de la s\u00e9curit\u00e9 de votre mot de passe.<\/p>\n<p>Vous \u00eates responsable du maintien de la s\u00e9curit\u00e9 du compte que vous utilisez pour acc\u00e9der au Service. Vous ne devez pas partager ou utiliser \u00e0 mauvais escient vos identifiants d&rsquo;acc\u00e8s. Vous devez nous informer imm\u00e9diatement de toute utilisation non autoris\u00e9e de votre compte ou d\u00e8s que vous avez connaissance de toute autre violation de la s\u00e9curit\u00e9.<\/p>\n<h2>R\u00e9siliation<\/h2>\n<p>Nous pouvons r\u00e9silier ou suspendre votre acc\u00e8s \u00e0 tout ou partie de nos Services \u00e0 tout moment, avec ou sans motif, avec ou sans pr\u00e9avis, avec effet imm\u00e9diat.<\/p>\n<p>Si vous souhaitez r\u00e9silier le Contrat ou votre compte Vision-planet, vous pouvez simplement cesser d&rsquo;utiliser nos Services.<\/p>\n<p>Toutes les dispositions du Contrat qui, de par leur nature, devraient survivre \u00e0 la r\u00e9siliation survivront \u00e0 la r\u00e9siliation, y compris, sans limitation, les dispositions sur la propri\u00e9t\u00e9, les exclusions de garantie, l&rsquo;indemnisation et les limitations de responsabilit\u00e9.<\/p>\n<h2>Clause de non-responsabilit\u00e9<\/h2>\n<p>Nos services sont fournis \u00ab TELS QUELS \u00bb. et \u00ab SELON LA DISPONIBILIT\u00c9 \u00bb. Vision-planet et ses fournisseurs et conc\u00e9dants de licence d\u00e9clinent par la pr\u00e9sente toute garantie de quelque nature que ce soit, expresse ou implicite, y compris, sans limitation, les garanties de qualit\u00e9 marchande, d&rsquo;ad\u00e9quation \u00e0 un usage particulier et de non-contrefa\u00e7on. Ni Vision-planet, ni ses fournisseurs et conc\u00e9dants de licence ne garantissent que nos services seront exempts d&rsquo;erreurs ou que l&rsquo;acc\u00e8s \u00e0 ceux-ci sera continu ou ininterrompu. Vous comprenez que vous t\u00e9l\u00e9chargez ou obtenez autrement du contenu ou des services via nos Services \u00e0 votre propre discr\u00e9tion et \u00e0 vos propres risques. \n Juridiction et droit applicable.<\/h3>\n<p>Sauf dans la mesure o\u00f9 toute loi applicable en dispose autrement, le Contrat et tout acc\u00e8s ou utilisation de nos Services seront r\u00e9gis par les lois du Maroc.<\/p>\n<h2>Changements<\/h2>\n<p>Vision-planet se r\u00e9serve le droit, \u00e0 notre seule discr\u00e9tion, de modifier ou de remplacer ces Conditions \u00e0 tout moment.<\/p>\n<p>Si nous apportons des modifications importantes, nous vous en informerons en les publiant sur notre site Web ou en vous envoyant un e-mail ou une autre communication avant que les modifications n&rsquo;entrent en vigueur. L&rsquo;avis d\u00e9signera un d\u00e9lai raisonnable apr\u00e8s lequel les nouvelles conditions entreront en vigueur.<\/p>\n<p>Si vous n&rsquo;\u00eates pas d&rsquo;accord avec nos modifications, vous devez alors cesser d&rsquo;utiliser nos services dans le d\u00e9lai de pr\u00e9avis imparti ou une fois que les modifications entrent en vigueur.<\/p>\n<p>Votre utilisation continue de nos services sera soumise aux nouvelles conditions.<\/p>\n\t\t\t\t\t\t<\/div>\n","protected":false},"excerpt":{"rendered":"<p>Termes et conditions Les pr\u00e9sentes conditions r\u00e9gissent votre acc\u00e8s et votre utilisation de tous les contenus, produits et services disponibles sur le site Web https:\/\/vision-planet.com (le \u00ab Service \u00bb) exploit\u00e9 par Vision-planet (\u00ab nous \u00bb, \u00ab notre \u00bb ou \u00ab\u00a0notre\u201d). Votre acc\u00e8s \u00e0 nos services est soumis \u00e0 votre acceptation, sans modification, de tous les [&hellip;]<\/p>\n","protected":false},"author":1,"featured_media":0,"parent":0,"menu_order":0,"comment_status":"closed","ping_status":"closed","template":"","meta":{"site-sidebar-layout":"default","site-content-layout":"","ast-site-content-layout":"default","site-content-style":"default","site-sidebar-style":"default","ast-global-header-display":"","ast-banner-title-visibility":"","ast-main-header-display":"","ast-hfb-above-header-display":"","ast-hfb-below-header-display":"","ast-hfb-mobile-header-display":"","site-post-title":"","ast-breadcrumbs-content":"","ast-featured-img":"","footer-sml-layout":"","ast-disable-related-posts":"","theme-transparent-header-meta":"","adv-header-id-meta":"","stick-header-meta":"","header-above-stick-meta":"","header-main-stick-meta":"","header-below-stick-meta":"","astra-migrate-meta-layouts":"set","ast-page-background-enabled":"default","ast-page-background-meta":{"desktop":{"background-color":"","background-image":"","background-repeat":"repeat","background-position":"center center","background-size":"auto","background-attachment":"scroll","background-type":"","background-media":"","overlay-type":"","overlay-color":"","overlay-opacity":"","overlay-gradient":""},"tablet":{"background-color":"","background-image":"","background-repeat":"repeat","background-position":"center center","background-size":"auto","background-attachment":"scroll","background-type":"","background-media":"","overlay-type":"","overlay-color":"","overlay-opacity":"","overlay-gradient":""},"mobile":{"background-color":"","background-image":"","background-repeat":"repeat","background-position":"center center","background-size":"auto","background-attachment":"scroll","background-type":"","background-media":"","overlay-type":"","overlay-color":"","overlay-opacity":"","overlay-gradient":""}},"ast-content-background-meta":{"desktop":{"background-color":"var(--ast-global-color-5)","background-image":"","background-repeat":"repeat","background-position":"center center","background-size":"auto","background-attachment":"scroll","background-type":"","background-media":"","overlay-type":"","overlay-color":"","overlay-opacity":"","overlay-gradient":""},"tablet":{"background-color":"var(--ast-global-color-5)","background-image":"","background-repeat":"repeat","background-position":"center center","background-size":"auto","background-attachment":"scroll","background-type":"","background-media":"","overlay-type":"","overlay-color":"","overlay-opacity":"","overlay-gradient":""},"mobile":{"background-color":"var(--ast-global-color-5)","background-image":"","background-repeat":"repeat","background-position":"center center","background-size":"auto","background-attachment":"scroll","background-type":"","background-media":"","overlay-type":"","overlay-color":"","overlay-opacity":"","overlay-gradient":""}},"footnotes":""},"class_list":["post-15","page","type-page","status-publish","hentry"],"_links":{"self":[{"href":"https:\/\/www.vision-planet.com\/fr\/wp-json\/wp\/v2\/pages\/15","targetHints":{"allow":["GET"]}}],"collection":[{"href":"https:\/\/www.vision-planet.com\/fr\/wp-json\/wp\/v2\/pages"}],"about":[{"href":"https:\/\/www.vision-planet.com\/fr\/wp-json\/wp\/v2\/types\/page"}],"author":[{"embeddable":true,"href":"https:\/\/www.vision-planet.com\/fr\/wp-json\/wp\/v2\/users\/1"}],"replies":[{"embeddable":true,"href":"https:\/\/www.vision-planet.com\/fr\/wp-json\/wp\/v2\/comments?post=15"}],"version-history":[{"count":0,"href":"https:\/\/www.vision-planet.com\/fr\/wp-json\/wp\/v2\/pages\/15\/revisions"}],"wp:attachment":[{"href":"https:\/\/www.vision-planet.com\/fr\/wp-json\/wp\/v2\/media?parent=15"}],"curies":[{"name":"wp","href":"https:\/\/api.w.org\/{rel}","templated":true}]}}